{"id":554,"date":"2021-08-03T13:21:06","date_gmt":"2021-08-03T18:21:06","guid":{"rendered":"https:\/\/caferoyall.com\/desayuno-copy\/"},"modified":"2025-05-11T06:41:21","modified_gmt":"2025-05-11T04:41:21","slug":"primer-plato","status":"publish","type":"page","link":"https:\/\/caferoyall.com\/en\/primer-plato\/","title":{"rendered":"First course"},"content":{"rendered":"<div data-elementor-type=\"wp-page\" data-elementor-id=\"554\" class=\"elementor elementor-554\" data-elementor-post-type=\"page\">\n\t\t\t\t\t\t<section class=\"elementor-section elementor-top-section elementor-element elementor-element-f5d0855 elementor-section-height-min-height elementor-section-boxed elementor-section-height-default elementor-section-items-middle\" data-id=\"f5d0855\" data-element_type=\"section\" data-settings=\"{&quot;background_background&quot;:&quot;classic&quot;,&quot;shape_divider_bottom&quot;:&quot;mountains&quot;}\">\n\t\t\t\t\t\t\t<div class=\"elementor-background-overlay\"><\/div>\n\t\t\t\t\t\t<div class=\"elementor-shape elementor-shape-bottom\" data-negative=\"false\">\n\t\t\t<svg xmlns=\"http:\/\/www.w3.org\/2000\/svg\" viewbox=\"0 0 1000 100\" preserveaspectratio=\"none\">\n\t<path class=\"elementor-shape-fill\" opacity=\"0.33\" d=\"M473,67.3c-203.9,88.3-263.1-34-320.3,0C66,119.1,0,59.7,0,59.7V0h1000v59.7 c0,0-62.1,26.1-94.9,29.3c-32.8,3.3-62.8-12.3-75.8-22.1C806,49.6,745.3,8.7,694.9,4.7S492.4,59,473,67.3z\"\/>\n\t<path class=\"elementor-shape-fill\" opacity=\"0.66\" d=\"M734,67.3c-45.5,0-77.2-23.2-129.1-39.1c-28.6-8.7-150.3-10.1-254,39.1 s-91.7-34.4-149.2,0C115.7,118.3,0,39.8,0,39.8V0h1000v36.5c0,0-28.2-18.5-92.1-18.5C810.2,18.1,775.7,67.3,734,67.3z\"\/>\n\t<path class=\"elementor-shape-fill\" d=\"M766.1,28.9c-200-57.5-266,65.5-395.1,19.5C242,1.8,242,5.4,184.8,20.6C128,35.8,132.3,44.9,89.9,52.5C28.6,63.7,0,0,0,0 h1000c0,0-9.9,40.9-83.6,48.1S829.6,47,766.1,28.9z\"\/>\n<\/svg>\t\t<\/div>\n\t\t\t\t\t<div class=\"elementor-container elementor-column-gap-default\">\n\t\t\t\t\t<div class=\"elementor-column elementor-col-100 elementor-top-column elementor-element elementor-element-0af1ab5\" data-id=\"0af1ab5\" data-element_type=\"column\">\n\t\t\t<div class=\"elementor-widget-wrap elementor-element-populated\">\n\t\t\t\t\t\t<div class=\"elementor-element elementor-element-f5e104c animated-slow elementor-invisible elementor-widget elementor-widget-heading\" data-id=\"f5e104c\" data-element_type=\"widget\" data-settings=\"{&quot;_animation&quot;:&quot;zoomIn&quot;,&quot;_animation_mobile&quot;:&quot;zoomIn&quot;,&quot;_animation_delay&quot;:100}\" data-widget_type=\"heading.default\">\n\t\t\t\t<div class=\"elementor-widget-container\">\n\t\t\t\t\t<h1 class=\"elementor-heading-title elementor-size-default\">First course<\/h1>\t\t\t\t<\/div>\n\t\t\t\t<\/div>\n\t\t\t\t\t<\/div>\n\t\t<\/div>\n\t\t\t\t\t<\/div>\n\t\t<\/section>\n\t\t\t\t<section class=\"elementor-section elementor-top-section elementor-element elementor-element-6a5b63e elementor-section-boxed elementor-section-height-default elementor-section-height-default\" data-id=\"6a5b63e\" data-element_type=\"section\">\n\t\t\t\t\t\t<div class=\"elementor-container elementor-column-gap-narrow\">\n\t\t\t\t\t<div class=\"elementor-column elementor-col-100 elementor-top-column elementor-element elementor-element-e2b6c78\" data-id=\"e2b6c78\" data-element_type=\"column\">\n\t\t\t<div class=\"elementor-widget-wrap elementor-element-populated\">\n\t\t\t\t\t\t<section class=\"elementor-section elementor-inner-section elementor-element elementor-element-72ae591 elementor-section-boxed elementor-section-height-default elementor-section-height-default\" data-id=\"72ae591\" data-element_type=\"section\">\n\t\t\t\t\t\t<div class=\"elementor-container elementor-column-gap-default\">\n\t\t\t\t\t<div class=\"elementor-column elementor-col-100 elementor-inner-column elementor-element elementor-element-5f7d9ec\" data-id=\"5f7d9ec\" data-element_type=\"column\">\n\t\t\t<div class=\"elementor-widget-wrap elementor-element-populated\">\n\t\t\t\t\t\t<div class=\"elementor-element elementor-element-4a77c86 animated-slow elementor-invisible elementor-widget elementor-widget-heading\" data-id=\"4a77c86\" data-element_type=\"widget\" data-settings=\"{&quot;_animation&quot;:&quot;zoomIn&quot;,&quot;_animation_delay&quot;:100}\" data-widget_type=\"heading.default\">\n\t\t\t\t<div class=\"elementor-widget-container\">\n\t\t\t\t\t<h4 class=\"elementor-heading-title elementor-size-xl\"><b>Menu<\/b><br><b>Lunes a viernes: 12\u20ac<\/b><br>Fin de semana: 13\u20ac<\/h4>\t\t\t\t<\/div>\n\t\t\t\t<\/div>\n\t\t\t\t\t<\/div>\n\t\t<\/div>\n\t\t\t\t\t<\/div>\n\t\t<\/section>\n\t\t\t\t<section class=\"elementor-section elementor-inner-section elementor-element elementor-element-2c0a2db elementor-section-boxed elementor-section-height-default elementor-section-height-default\" data-id=\"2c0a2db\" data-element_type=\"section\">\n\t\t\t\t\t\t<div class=\"elementor-container elementor-column-gap-default\">\n\t\t\t\t\t<div class=\"elementor-column elementor-col-100 elementor-inner-column elementor-element elementor-element-5d5e6d1\" data-id=\"5d5e6d1\" data-element_type=\"column\">\n\t\t\t<div class=\"elementor-widget-wrap elementor-element-populated\">\n\t\t\t\t\t\t<div class=\"elementor-element elementor-element-3e738c9 elementor-widget elementor-widget-heading\" data-id=\"3e738c9\" data-element_type=\"widget\" data-widget_type=\"heading.default\">\n\t\t\t\t<div class=\"elementor-widget-container\">\n\t\t\t\t\t<h1 class=\"elementor-heading-title elementor-size-default\">&gt; Drink included &lt;<\/h1>\t\t\t\t<\/div>\n\t\t\t\t<\/div>\n\t\t\t\t\t<\/div>\n\t\t<\/div>\n\t\t\t\t\t<\/div>\n\t\t<\/section>\n\t\t\t\t<section class=\"elementor-section elementor-inner-section elementor-element elementor-element-fee505b elementor-section-boxed elementor-section-height-default elementor-section-height-default\" data-id=\"fee505b\" data-element_type=\"section\">\n\t\t\t\t\t\t<div class=\"elementor-container elementor-column-gap-default\">\n\t\t\t\t\t<div class=\"elementor-column elementor-col-100 elementor-inner-column elementor-element elementor-element-5956696\" data-id=\"5956696\" data-element_type=\"column\">\n\t\t\t<div class=\"elementor-widget-wrap elementor-element-populated\">\n\t\t\t\t\t\t<div class=\"elementor-element elementor-element-35182b2 elementor-widget elementor-widget-heading\" data-id=\"35182b2\" data-element_type=\"widget\" data-widget_type=\"heading.default\">\n\t\t\t\t<div class=\"elementor-widget-container\">\n\t\t\t\t\t<h3 class=\"elementor-heading-title elementor-size-medium\">Chicken soup (Weekend)<\/h3>\t\t\t\t<\/div>\n\t\t\t\t<\/div>\n\t\t\t\t\t<\/div>\n\t\t<\/div>\n\t\t\t\t\t<\/div>\n\t\t<\/section>\n\t\t\t\t<section class=\"elementor-section elementor-inner-section elementor-element elementor-element-45869d7 elementor-section-boxed elementor-section-height-default elementor-section-height-default\" data-id=\"45869d7\" data-element_type=\"section\">\n\t\t\t\t\t\t<div class=\"elementor-container elementor-column-gap-default\">\n\t\t\t\t\t<div class=\"elementor-column elementor-col-100 elementor-inner-column elementor-element elementor-element-9739522\" data-id=\"9739522\" data-element_type=\"column\">\n\t\t\t<div class=\"elementor-widget-wrap elementor-element-populated\">\n\t\t\t\t\t\t<div class=\"elementor-element elementor-element-5010210 elementor-widget elementor-widget-heading\" data-id=\"5010210\" data-element_type=\"widget\" data-widget_type=\"heading.default\">\n\t\t\t\t<div class=\"elementor-widget-container\">\n\t\t\t\t\t<h3 class=\"elementor-heading-title elementor-size-medium\">Beans (Every day)<\/h3>\t\t\t\t<\/div>\n\t\t\t\t<\/div>\n\t\t\t\t\t<\/div>\n\t\t<\/div>\n\t\t\t\t\t<\/div>\n\t\t<\/section>\n\t\t\t\t<section class=\"elementor-section elementor-inner-section elementor-element elementor-element-f3cd966 elementor-section-boxed elementor-section-height-default elementor-section-height-default\" data-id=\"f3cd966\" data-element_type=\"section\">\n\t\t\t\t\t\t<div class=\"elementor-container elementor-column-gap-default\">\n\t\t\t\t\t<div class=\"elementor-column elementor-col-100 elementor-inner-column elementor-element elementor-element-61f076c\" data-id=\"61f076c\" data-element_type=\"column\">\n\t\t\t<div class=\"elementor-widget-wrap elementor-element-populated\">\n\t\t\t\t\t\t<div class=\"elementor-element elementor-element-8c71e23 elementor-widget elementor-widget-heading\" data-id=\"8c71e23\" data-element_type=\"widget\" data-widget_type=\"heading.default\">\n\t\t\t\t<div class=\"elementor-widget-container\">\n\t\t\t\t\t<h3 class=\"elementor-heading-title elementor-size-medium\">Lentils (Thursday)<\/h3>\t\t\t\t<\/div>\n\t\t\t\t<\/div>\n\t\t\t\t\t<\/div>\n\t\t<\/div>\n\t\t\t\t\t<\/div>\n\t\t<\/section>\n\t\t\t\t<section class=\"elementor-section elementor-inner-section elementor-element elementor-element-030e193 elementor-section-boxed elementor-section-height-default elementor-section-height-default\" data-id=\"030e193\" data-element_type=\"section\">\n\t\t\t\t\t\t<div class=\"elementor-container elementor-column-gap-default\">\n\t\t\t\t\t<div class=\"elementor-column elementor-col-100 elementor-inner-column elementor-element elementor-element-dae2bdb\" data-id=\"dae2bdb\" data-element_type=\"column\">\n\t\t\t<div class=\"elementor-widget-wrap elementor-element-populated\">\n\t\t\t\t\t\t<div class=\"elementor-element elementor-element-4560113 elementor-widget elementor-widget-heading\" data-id=\"4560113\" data-element_type=\"widget\" data-widget_type=\"heading.default\">\n\t\t\t\t<div class=\"elementor-widget-container\">\n\t\t\t\t\t<h3 class=\"elementor-heading-title elementor-size-medium\">Soup of the day (Every day)<\/h3>\t\t\t\t<\/div>\n\t\t\t\t<\/div>\n\t\t\t\t\t<\/div>\n\t\t<\/div>\n\t\t\t\t\t<\/div>\n\t\t<\/section>\n\t\t\t\t<section class=\"elementor-section elementor-inner-section elementor-element elementor-element-f0a0524 elementor-section-boxed elementor-section-height-default elementor-section-height-default\" data-id=\"f0a0524\" data-element_type=\"section\">\n\t\t\t\t\t\t<div class=\"elementor-container elementor-column-gap-default\">\n\t\t\t\t\t<div class=\"elementor-column elementor-col-100 elementor-inner-column elementor-element elementor-element-f0765d6\" data-id=\"f0765d6\" data-element_type=\"column\">\n\t\t\t<div class=\"elementor-widget-wrap elementor-element-populated\">\n\t\t\t\t\t\t<div class=\"elementor-element elementor-element-602e9ac elementor-widget elementor-widget-heading\" data-id=\"602e9ac\" data-element_type=\"widget\" data-widget_type=\"heading.default\">\n\t\t\t\t<div class=\"elementor-widget-container\">\n\t\t\t\t\t<h3 class=\"elementor-heading-title elementor-size-medium\"><b style=\"\"><u>SATURDAYS AND SUNDAYS<\/u><\/b><br><i>- Rib stew<br>- Fish stew (every 20 days)<br>- Chicken stew<\/i><\/h3>\t\t\t\t<\/div>\n\t\t\t\t<\/div>\n\t\t\t\t\t<\/div>\n\t\t<\/div>\n\t\t\t\t\t<\/div>\n\t\t<\/section>\n\t\t\t\t<section class=\"elementor-section elementor-inner-section elementor-element elementor-element-0735790 elementor-section-boxed elementor-section-height-default elementor-section-height-default\" data-id=\"0735790\" data-element_type=\"section\">\n\t\t\t\t\t\t<div class=\"elementor-container elementor-column-gap-default\">\n\t\t\t\t\t<div class=\"elementor-column elementor-col-100 elementor-inner-column elementor-element elementor-element-f0afb57\" data-id=\"f0afb57\" data-element_type=\"column\">\n\t\t\t<div class=\"elementor-widget-wrap elementor-element-populated\">\n\t\t\t\t\t\t<div class=\"elementor-element elementor-element-f943281 elementor-widget elementor-widget-heading\" data-id=\"f943281\" data-element_type=\"widget\" data-widget_type=\"heading.default\">\n\t\t\t\t<div class=\"elementor-widget-container\">\n\t\t\t\t\t<h2 class=\"elementor-heading-title elementor-size-medium\"><i><u>Take out orders have an additional cost of the food container.<\/u><\/i><\/h2>\t\t\t\t<\/div>\n\t\t\t\t<\/div>\n\t\t\t\t\t<\/div>\n\t\t<\/div>\n\t\t\t\t\t<\/div>\n\t\t<\/section>\n\t\t\t\t\t<\/div>\n\t\t<\/div>\n\t\t\t\t\t<\/div>\n\t\t<\/section>\n\t\t\t\t<\/div>","protected":false},"excerpt":{"rendered":"<p>Primer plato Men\u00faLunes a viernes: 12\u20acFin de semana: 13\u20ac &gt; Bebida incluida &lt; Consom\u00e9 (Fin de semana) Frijoles (Todos los d\u00edas) Lentejas (Jueves) Sopa del d\u00eda (Todos los d\u00edas) S\u00c1BADOS Y DOMINGOS&#8211; Sancocho de costilla&#8211; Sancocho de pescado (cada 20 d\u00edas)&#8211; Sancocho de pollo Los pedidos para llevar tienen un coste adicional del taper.<\/p>","protected":false},"author":2,"featured_media":0,"parent":0,"menu_order":0,"comment_status":"closed","ping_status":"closed","template":"","meta":{"site-sidebar-layout":"no-sidebar","site-content-layout":"page-builder","ast-site-content-layout":"","site-content-style":"default","site-sidebar-style":"default","ast-global-header-display":"","ast-banner-title-visibility":"","ast-main-header-display":"","ast-hfb-above-header-display":"","ast-hfb-below-header-display":"","ast-hfb-mobile-header-display":"","site-post-title":"disabled","ast-breadcrumbs-content":"disabled","ast-featured-img":"disabled","footer-sml-layout":"","theme-transparent-header-meta":"enabled","adv-header-id-meta":"","stick-header-meta":"","header-above-stick-meta":"","header-main-stick-meta":"","header-below-stick-meta":"","astra-migrate-meta-layouts":"default","ast-page-background-enabled":"default","ast-page-background-meta":{"desktop":{"background-color":"","background-image":"","background-repeat":"repeat","background-position":"center center","background-size":"auto","background-attachment":"scroll","background-type":"","background-media":"","overlay-type":"","overlay-color":"","overlay-opacity":"","overlay-gradient":""},"tablet":{"background-color":"","background-image":"","background-repeat":"repeat","background-position":"center center","background-size":"auto","background-attachment":"scroll","background-type":"","background-media":"","overlay-type":"","overlay-color":"","overlay-opacity":"","overlay-gradient":""},"mobile":{"background-color":"","background-image":"","background-repeat":"repeat","background-position":"center center","background-size":"auto","background-attachment":"scroll","background-type":"","background-media":"","overlay-type":"","overlay-color":"","overlay-opacity":"","overlay-gradient":""}},"ast-content-background-meta":{"desktop":{"background-color":"var(--ast-global-color-5)","background-image":"","background-repeat":"repeat","background-position":"center center","background-size":"auto","background-attachment":"scroll","background-type":"","background-media":"","overlay-type":"","overlay-color":"","overlay-opacity":"","overlay-gradient":""},"tablet":{"background-color":"var(--ast-global-color-5)","background-image":"","background-repeat":"repeat","background-position":"center center","background-size":"auto","background-attachment":"scroll","background-type":"","background-media":"","overlay-type":"","overlay-color":"","overlay-opacity":"","overlay-gradient":""},"mobile":{"background-color":"var(--ast-global-color-5)","background-image":"","background-repeat":"repeat","background-position":"center center","background-size":"auto","background-attachment":"scroll","background-type":"","background-media":"","overlay-type":"","overlay-color":"","overlay-opacity":"","overlay-gradient":""}},"footnotes":""},"class_list":["post-554","page","type-page","status-publish","hentry"],"yoast_head":"<!-- This site is optimized with the Yoast SEO plugin v25.3 - https:\/\/yoast.com\/wordpress\/plugins\/seo\/ -->\n<title>Caf\u00e9 Royal- Caf\u00e9 Bar<\/title>\n<meta name=\"description\" content=\"El mejor caf\u00e9 bar Colombiano de Alicante\" \/>\n<meta name=\"robots\" content=\"index, follow, max-snippet:-1, max-image-preview:large, max-video-preview:-1\" \/>\n<link rel=\"canonical\" href=\"https:\/\/caferoyall.com\/en\/primer-plato\/\" \/>\n<meta property=\"og:locale\" content=\"en_US\" \/>\n<meta property=\"og:type\" content=\"article\" \/>\n<meta property=\"og:title\" content=\"Caf\u00e9 Royal- Caf\u00e9 Bar\" \/>\n<meta property=\"og:description\" content=\"El mejor caf\u00e9 bar Colombiano de Alicante\" \/>\n<meta property=\"og:url\" content=\"https:\/\/caferoyall.com\/en\/primer-plato\/\" \/>\n<meta property=\"og:site_name\" content=\"cafe-royal\" \/>\n<meta property=\"article:modified_time\" content=\"2025-05-11T04:41:21+00:00\" \/>\n<meta name=\"twitter:card\" content=\"summary_large_image\" \/>\n<meta name=\"twitter:label1\" content=\"Est. reading time\" \/>\n\t<meta name=\"twitter:data1\" content=\"1 minute\" \/>\n<script type=\"application\/ld+json\" class=\"yoast-schema-graph\">{\"@context\":\"https:\/\/schema.org\",\"@graph\":[{\"@type\":\"WebPage\",\"@id\":\"https:\/\/caferoyall.com\/primer-plato\/\",\"url\":\"https:\/\/caferoyall.com\/primer-plato\/\",\"name\":\"Caf\u00e9 Royal- Caf\u00e9 Bar\",\"isPartOf\":{\"@id\":\"https:\/\/caferoyall.com\/#website\"},\"datePublished\":\"2021-08-03T18:21:06+00:00\",\"dateModified\":\"2025-05-11T04:41:21+00:00\",\"description\":\"El mejor caf\u00e9 bar Colombiano de Alicante\",\"breadcrumb\":{\"@id\":\"https:\/\/caferoyall.com\/primer-plato\/#breadcrumb\"},\"inLanguage\":\"en-US\",\"potentialAction\":[{\"@type\":\"ReadAction\",\"target\":[\"https:\/\/caferoyall.com\/primer-plato\/\"]}]},{\"@type\":\"BreadcrumbList\",\"@id\":\"https:\/\/caferoyall.com\/primer-plato\/#breadcrumb\",\"itemListElement\":[{\"@type\":\"ListItem\",\"position\":1,\"name\":\"Portada\",\"item\":\"https:\/\/caferoyall.com\/\"},{\"@type\":\"ListItem\",\"position\":2,\"name\":\"Primer Plato\"}]},{\"@type\":\"WebSite\",\"@id\":\"https:\/\/caferoyall.com\/#website\",\"url\":\"https:\/\/caferoyall.com\/\",\"name\":\"cafe-royal\",\"description\":\"Caf\u00e9 y Bar\",\"publisher\":{\"@id\":\"https:\/\/caferoyall.com\/#organization\"},\"potentialAction\":[{\"@type\":\"SearchAction\",\"target\":{\"@type\":\"EntryPoint\",\"urlTemplate\":\"https:\/\/caferoyall.com\/?s={search_term_string}\"},\"query-input\":{\"@type\":\"PropertyValueSpecification\",\"valueRequired\":true,\"valueName\":\"search_term_string\"}}],\"inLanguage\":\"en-US\"},{\"@type\":\"Organization\",\"@id\":\"https:\/\/caferoyall.com\/#organization\",\"name\":\"Caf\u00e9 Royal\",\"url\":\"https:\/\/caferoyall.com\/\",\"logo\":{\"@type\":\"ImageObject\",\"inLanguage\":\"en-US\",\"@id\":\"https:\/\/caferoyall.com\/#\/schema\/logo\/image\/\",\"url\":\"https:\/\/caferoyall.com\/wp-content\/uploads\/2021\/08\/recortada-logo.png\",\"contentUrl\":\"https:\/\/caferoyall.com\/wp-content\/uploads\/2021\/08\/recortada-logo.png\",\"width\":400,\"height\":176,\"caption\":\"Caf\u00e9 Royal\"},\"image\":{\"@id\":\"https:\/\/caferoyall.com\/#\/schema\/logo\/image\/\"},\"sameAs\":[\"https:\/\/www.instagram.com\/cafe.royall\/?hl=es\"]}]}<\/script>\n<!-- \/ Yoast SEO plugin. -->","yoast_head_json":{"title":"Caf\u00e9 Royal- Caf\u00e9 Bar","description":"El mejor caf\u00e9 bar Colombiano de Alicante","robots":{"index":"index","follow":"follow","max-snippet":"max-snippet:-1","max-image-preview":"max-image-preview:large","max-video-preview":"max-video-preview:-1"},"canonical":"https:\/\/caferoyall.com\/en\/primer-plato\/","og_locale":"en_US","og_type":"article","og_title":"Caf\u00e9 Royal- Caf\u00e9 Bar","og_description":"El mejor caf\u00e9 bar Colombiano de Alicante","og_url":"https:\/\/caferoyall.com\/en\/primer-plato\/","og_site_name":"cafe-royal","article_modified_time":"2025-05-11T04:41:21+00:00","twitter_card":"summary_large_image","twitter_misc":{"Est. reading time":"1 minute"},"schema":{"@context":"https:\/\/schema.org","@graph":[{"@type":"WebPage","@id":"https:\/\/caferoyall.com\/primer-plato\/","url":"https:\/\/caferoyall.com\/primer-plato\/","name":"Caf\u00e9 Royal- Caf\u00e9 Bar","isPartOf":{"@id":"https:\/\/caferoyall.com\/#website"},"datePublished":"2021-08-03T18:21:06+00:00","dateModified":"2025-05-11T04:41:21+00:00","description":"El mejor caf\u00e9 bar Colombiano de Alicante","breadcrumb":{"@id":"https:\/\/caferoyall.com\/primer-plato\/#breadcrumb"},"inLanguage":"en-US","potentialAction":[{"@type":"ReadAction","target":["https:\/\/caferoyall.com\/primer-plato\/"]}]},{"@type":"BreadcrumbList","@id":"https:\/\/caferoyall.com\/primer-plato\/#breadcrumb","itemListElement":[{"@type":"ListItem","position":1,"name":"Portada","item":"https:\/\/caferoyall.com\/"},{"@type":"ListItem","position":2,"name":"Primer Plato"}]},{"@type":"WebSite","@id":"https:\/\/caferoyall.com\/#website","url":"https:\/\/caferoyall.com\/","name":"cafe-royal","description":"Caf\u00e9 y Bar","publisher":{"@id":"https:\/\/caferoyall.com\/#organization"},"potentialAction":[{"@type":"SearchAction","target":{"@type":"EntryPoint","urlTemplate":"https:\/\/caferoyall.com\/?s={search_term_string}"},"query-input":{"@type":"PropertyValueSpecification","valueRequired":true,"valueName":"search_term_string"}}],"inLanguage":"en-US"},{"@type":"Organization","@id":"https:\/\/caferoyall.com\/#organization","name":"Caf\u00e9 Royal","url":"https:\/\/caferoyall.com\/","logo":{"@type":"ImageObject","inLanguage":"en-US","@id":"https:\/\/caferoyall.com\/#\/schema\/logo\/image\/","url":"https:\/\/caferoyall.com\/wp-content\/uploads\/2021\/08\/recortada-logo.png","contentUrl":"https:\/\/caferoyall.com\/wp-content\/uploads\/2021\/08\/recortada-logo.png","width":400,"height":176,"caption":"Caf\u00e9 Royal"},"image":{"@id":"https:\/\/caferoyall.com\/#\/schema\/logo\/image\/"},"sameAs":["https:\/\/www.instagram.com\/cafe.royall\/?hl=es"]}]}},"_links":{"self":[{"href":"https:\/\/caferoyall.com\/en\/wp-json\/wp\/v2\/pages\/554","targetHints":{"allow":["GET"]}}],"collection":[{"href":"https:\/\/caferoyall.com\/en\/wp-json\/wp\/v2\/pages"}],"about":[{"href":"https:\/\/caferoyall.com\/en\/wp-json\/wp\/v2\/types\/page"}],"author":[{"embeddable":true,"href":"https:\/\/caferoyall.com\/en\/wp-json\/wp\/v2\/users\/2"}],"replies":[{"embeddable":true,"href":"https:\/\/caferoyall.com\/en\/wp-json\/wp\/v2\/comments?post=554"}],"version-history":[{"count":215,"href":"https:\/\/caferoyall.com\/en\/wp-json\/wp\/v2\/pages\/554\/revisions"}],"predecessor-version":[{"id":2935,"href":"https:\/\/caferoyall.com\/en\/wp-json\/wp\/v2\/pages\/554\/revisions\/2935"}],"wp:attachment":[{"href":"https:\/\/caferoyall.com\/en\/wp-json\/wp\/v2\/media?parent=554"}],"curies":[{"name":"wp","href":"https:\/\/api.w.org\/{rel}","templated":true}]}}